{"id":184,"date":"2026-04-16T15:42:13","date_gmt":"2026-04-16T15:42:13","guid":{"rendered":"https:\/\/verdeyviva.com\/?page_id=184"},"modified":"2026-04-16T15:42:58","modified_gmt":"2026-04-16T15:42:58","slug":"2026-2","status":"publish","type":"page","link":"https:\/\/verdeyviva.com\/es\/2026-2\/","title":{"rendered":"2026"},"content":{"rendered":"<style>.elementor-184 .elementor-element.elementor-element-7900aad{--display:flex;--min-height:45vh;--flex-direction:column;--container-widget-width:100%;--container-widget-height:initial;--container-widget-flex-grow:0;--container-widget-align-self:initial;--flex-wrap-mobile:wrap;--justify-content:center;--overlay-opacity:0.5;}.elementor-184 .elementor-element.elementor-element-7900aad:not(.elementor-motion-effects-element-type-background), .elementor-184 .elementor-element.elementor-element-7900aad > .elementor-motion-effects-container > .elementor-motion-effects-layer{background-image:url(\"https:\/\/verdeyviva.com\/wp-content\/uploads\/2026\/04\/wedding-banquet-outdoors-during-sunset-tables-wit-2026-03-17-14-48-50-utc-scaled.jpg\");background-position:center center;background-size:cover;}.elementor-184 .elementor-element.elementor-element-7900aad::before, .elementor-184 .elementor-element.elementor-element-7900aad > .elementor-background-video-container::before, .elementor-184 .elementor-element.elementor-element-7900aad > .e-con-inner > .elementor-background-video-container::before, .elementor-184 .elementor-element.elementor-element-7900aad > .elementor-background-slideshow::before, .elementor-184 .elementor-element.elementor-element-7900aad > .e-con-inner > .elementor-background-slideshow::before, .elementor-184 .elementor-element.elementor-element-7900aad > .elementor-motion-effects-container > .elementor-motion-effects-layer::before{--background-overlay:'';background-color:#000000;}.elementor-184 .elementor-element.elementor-element-52751ff{text-align:center;}.elementor-184 .elementor-element.elementor-element-52751ff .elementor-heading-title{font-size:33px;color:#FFFFFF;}.elementor-184 .elementor-element.elementor-element-3d9e0b0{text-align:center;}.elementor-184 .elementor-element.elementor-element-3d9e0b0 .elementor-heading-title{font-size:33px;color:#FFFFFF;}.elementor-184 .elementor-element.elementor-element-e330995{--display:flex;--flex-direction:row;--container-widget-width:initial;--container-widget-height:100%;--container-widget-flex-grow:1;--container-widget-align-self:stretch;--flex-wrap-mobile:wrap;--gap:0px 0px;--row-gap:0px;--column-gap:0px;}.elementor-184 .elementor-element.elementor-element-d7c706d{--display:flex;--flex-direction:column;--container-widget-width:100%;--container-widget-height:initial;--container-widget-flex-grow:0;--container-widget-align-self:initial;--flex-wrap-mobile:wrap;--justify-content:center;}.elementor-184 .elementor-element.elementor-element-9bcd145{--display:flex;--flex-direction:column;--container-widget-width:100%;--container-widget-height:initial;--container-widget-flex-grow:0;--container-widget-align-self:initial;--flex-wrap-mobile:wrap;}.elementor-184 .elementor-element.elementor-element-63fd5c8 img{width:80%;}@media(min-width:768px){.elementor-184 .elementor-element.elementor-element-d7c706d{--width:50%;}.elementor-184 .elementor-element.elementor-element-9bcd145{--width:50%;}}@media(max-width:767px){.elementor-184 .elementor-element.elementor-element-52751ff .elementor-heading-title{font-size:16px;}.elementor-184 .elementor-element.elementor-element-3d9e0b0 .elementor-heading-title{font-size:14px;}}<\/style>\t\t<div data-elementor-type=\"wp-page\" data-elementor-id=\"184\" class=\"elementor elementor-184\" data-elementor-post-type=\"page\">\n\t\t\t\t<div class=\"elementor-element elementor-element-7900aad e-con-full e-flex e-con e-parent\" data-id=\"7900aad\" data-element_type=\"container\" data-e-type=\"container\" data-settings=\"{&quot;background_background&quot;:&quot;classic&quot;}\">\n\t\t\t\t<div class=\"elementor-element elementor-element-52751ff elementor-widget elementor-widget-heading\" data-id=\"52751ff\" data-element_type=\"widget\" data-e-type=\"widget\" data-widget_type=\"heading.default\">\n\t\t\t\t\t<h1 class=\"elementor-heading-title elementor-size-default\">Te esperamos el 1 de agosto en Sant Jordi Desvalls<\/h1>\t\t\t\t<\/div>\n\t\t\t\t<div class=\"elementor-element elementor-element-3d9e0b0 elementor-widget elementor-widget-heading\" data-id=\"3d9e0b0\" data-element_type=\"widget\" data-e-type=\"widget\" data-widget_type=\"heading.default\">\n\t\t\t\t\t<h2 class=\"elementor-heading-title elementor-size-default\">Una experiencia \u00fanica para conectar con la naturaleza, el bienestar y la comunidad.<\/h2>\t\t\t\t<\/div>\n\t\t\t\t<\/div>\n\t\t<div class=\"elementor-element elementor-element-e330995 e-flex e-con-boxed e-con e-parent\" data-id=\"e330995\" data-element_type=\"container\" data-e-type=\"container\">\n\t\t\t\t\t<div class=\"e-con-inner\">\n\t\t<div class=\"elementor-element elementor-element-d7c706d e-con-full e-flex e-con e-child\" data-id=\"d7c706d\" data-element_type=\"container\" data-e-type=\"container\">\n\t\t\t\t<div class=\"elementor-element elementor-element-34ba6a1 elementor-widget elementor-widget-heading\" data-id=\"34ba6a1\" data-element_type=\"widget\" data-e-type=\"widget\" data-widget_type=\"heading.default\">\n\t\t\t\t\t<h2 class=\"elementor-heading-title elementor-size-default\">Vive la experiencia Rural Veggie en Sant Jordi Desvalls<\/h2>\t\t\t\t<\/div>\n\t\t\t\t<div class=\"elementor-element elementor-element-792ab66 elementor-widget elementor-widget-text-editor\" data-id=\"792ab66\" data-element_type=\"widget\" data-e-type=\"widget\" data-widget_type=\"text-editor.default\">\n\t\t\t\t\t\t\t\t\t<p>Ven a disfrutar de una jornada \u00fanica al aire libre con m\u00fasica en directo, en un entorno natural incomparable. Descubre un espacio lleno de vida con puestos de productos ecol\u00f3gicos, donde distintas marcas y productores compartir\u00e1n sus propuestas sostenibles, artesanales y de proximidad. Un punto de encuentro ideal para conectar con la naturaleza, la comunidad y nuevas formas de consumir m\u00e1s conscientes.<\/p><p>Adem\u00e1s podr\u00e1s vivir una experiencia gastron\u00f3mica completa con catas de vino, cerveza y dulces, as\u00ed como sesiones de showcooking en directo. Todo ello en un ambiente relajado y festivo, pensado para que disfrutes, descubras y te dejes llevar. Y esto es s\u00f3lo el comienzo\u2026 \u00a1habr\u00e1 mucho m\u00e1s para sorprenderte!<\/p>\t\t\t\t\t\t\t\t<\/div>\n\t\t\t\t<\/div>\n\t\t<div class=\"elementor-element elementor-element-9bcd145 e-con-full e-flex e-con e-child\" data-id=\"9bcd145\" data-element_type=\"container\" data-e-type=\"container\">\n\t\t\t\t<div class=\"elementor-element elementor-element-63fd5c8 elementor-widget elementor-widget-image\" data-id=\"63fd5c8\" data-element_type=\"widget\" data-e-type=\"widget\" data-widget_type=\"image.default\">\n\t\t\t\t\t\t\t\t\t\t\t\t\t\t\t<img fetchpriority=\"high\" decoding=\"async\" width=\"1024\" height=\"1536\" src=\"http:\/\/verdeyviva.com\/wp-content\/uploads\/2026\/04\/WhatsApp-Image-2026-04-16-at-07.56.32-1.jpeg\" class=\"attachment-full size-full wp-image-162\" alt=\"\" srcset=\"http:\/\/verdeyviva.com\/wp-content\/uploads\/2026\/04\/WhatsApp-Image-2026-04-16-at-07.56.32-1.jpeg 1024w, http:\/\/verdeyviva.com\/wp-content\/uploads\/2026\/04\/WhatsApp-Image-2026-04-16-at-07.56.32-1-200x300.jpeg 200w, http:\/\/verdeyviva.com\/wp-content\/uploads\/2026\/04\/WhatsApp-Image-2026-04-16-at-07.56.32-1-683x1024.jpeg 683w, http:\/\/verdeyviva.com\/wp-content\/uploads\/2026\/04\/WhatsApp-Image-2026-04-16-at-07.56.32-1-768x1152.jpeg 768w, http:\/\/verdeyviva.com\/wp-content\/uploads\/2026\/04\/WhatsApp-Image-2026-04-16-at-07.56.32-1-600x900.jpeg 600w\" sizes=\"(max-width: 1024px) 100vw, 1024px\" \/>\t\t\t\t\t\t\t\t\t\t\t\t\t\t\t<\/div>\n\t\t\t\t<\/div>\n\t\t\t\t\t<\/div>\n\t\t\t\t<\/div>\n\t\t\t\t<\/div>\n\t\t","protected":false},"excerpt":{"rendered":"<p>Te esperamos el 1 de agosto en Sant Jordi Desvalls Una experiencia \u00fanica para conectar con la naturaleza, el bienestar [&hellip;]<\/p>\n","protected":false},"author":1,"featured_media":0,"parent":0,"menu_order":0,"comment_status":"closed","ping_status":"closed","template":"","meta":{"site-sidebar-layout":"no-sidebar","site-content-layout":"","ast-site-content-layout":"full-width-container","site-content-style":"default","site-sidebar-style":"default","ast-global-header-display":"","ast-banner-title-visibility":"","ast-main-header-display":"","ast-hfb-above-header-display":"","ast-hfb-below-header-display":"","ast-hfb-mobile-header-display":"","site-post-title":"","ast-breadcrumbs-content":"","ast-featured-img":"disabled","footer-sml-layout":"","ast-disable-related-posts":"","theme-transparent-header-meta":"","adv-header-id-meta":"","stick-header-meta":"","header-above-stick-meta":"","header-main-stick-meta":"","header-below-stick-meta":"","astra-migrate-meta-layouts":"default","ast-page-background-enabled":"default","ast-page-background-meta":{"desktop":{"background-color":"var(--ast-global-color-5)","background-image":"","background-repeat":"repeat","background-position":"center center","background-size":"auto","background-attachment":"scroll","background-type":"","background-media":"","overlay-type":"","overlay-color":"","overlay-opacity":"","overlay-gradient":""},"tablet":{"background-color":"","background-image":"","background-repeat":"repeat","background-position":"center center","background-size":"auto","background-attachment":"scroll","background-type":"","background-media":"","overlay-type":"","overlay-color":"","overlay-opacity":"","overlay-gradient":""},"mobile":{"background-color":"","background-image":"","background-repeat":"repeat","background-position":"center center","background-size":"auto","background-attachment":"scroll","background-type":"","background-media":"","overlay-type":"","overlay-color":"","overlay-opacity":"","overlay-gradient":""}},"ast-content-background-meta":{"desktop":{"background-color":"var(--ast-global-color-4)","background-image":"","background-repeat":"repeat","background-position":"center center","background-size":"auto","background-attachment":"scroll","background-type":"","background-media":"","overlay-type":"","overlay-color":"","overlay-opacity":"","overlay-gradient":""},"tablet":{"background-color":"var(--ast-global-color-4)","background-image":"","background-repeat":"repeat","background-position":"center center","background-size":"auto","background-attachment":"scroll","background-type":"","background-media":"","overlay-type":"","overlay-color":"","overlay-opacity":"","overlay-gradient":""},"mobile":{"background-color":"var(--ast-global-color-4)","background-image":"","background-repeat":"repeat","background-position":"center center","background-size":"auto","background-attachment":"scroll","background-type":"","background-media":"","overlay-type":"","overlay-color":"","overlay-opacity":"","overlay-gradient":""}},"footnotes":""},"class_list":["post-184","page","type-page","status-publish","hentry","ast-col-sm-12","ast-article-post","remove-featured-img-padding","ast-width-md-4","ast-archive-post","ast-separate-posts","ast-product-gallery-layout-horizontal-slider","ast-product-gallery-with-no-image","ast-product-tabs-layout-horizontal"],"_links":{"self":[{"href":"https:\/\/verdeyviva.com\/es\/wp-json\/wp\/v2\/pages\/184","targetHints":{"allow":["GET"]}}],"collection":[{"href":"https:\/\/verdeyviva.com\/es\/wp-json\/wp\/v2\/pages"}],"about":[{"href":"https:\/\/verdeyviva.com\/es\/wp-json\/wp\/v2\/types\/page"}],"author":[{"embeddable":true,"href":"https:\/\/verdeyviva.com\/es\/wp-json\/wp\/v2\/users\/1"}],"replies":[{"embeddable":true,"href":"https:\/\/verdeyviva.com\/es\/wp-json\/wp\/v2\/comments?post=184"}],"version-history":[{"count":4,"href":"https:\/\/verdeyviva.com\/es\/wp-json\/wp\/v2\/pages\/184\/revisions"}],"predecessor-version":[{"id":188,"href":"https:\/\/verdeyviva.com\/es\/wp-json\/wp\/v2\/pages\/184\/revisions\/188"}],"wp:attachment":[{"href":"https:\/\/verdeyviva.com\/es\/wp-json\/wp\/v2\/media?parent=184"}],"curies":[{"name":"wp","href":"https:\/\/api.w.org\/{rel}","templated":true}]}}